{"id":1048,"date":"2018-03-08T13:33:07","date_gmt":"2018-03-08T13:33:07","guid":{"rendered":"http:\/\/eiddo.select-themes.com\/?page_id=1048"},"modified":"2025-09-18T10:29:55","modified_gmt":"2025-09-18T08:29:55","slug":"blog","status":"publish","type":"page","link":"https:\/\/kvart.ba\/bs\/blog\/","title":{"rendered":"Blog"},"content":{"rendered":"<div class=\"wpb-content-wrapper\"><div class=\"qodef-row-grid-section-wrapper qodef-parallax-row-holder qodef-content-aligment-center\" data-parallax-bg-image=\"https:\/\/kvart.ba\/wp-content\/uploads\/2024\/05\/Blog_2.jpg\" data-parallax-bg-speed=\"1\" data-parallax-bg-height=\"446\" ><div class=\"qodef-row-grid-section\"><div class=\"vc_row wpb_row vc_row-fluid\" ><div class=\"wpb_column vc_column_container vc_col-sm-12\" id=\"blog-title\"><div class=\"vc_column-inner vc_custom_1715772772164\"><div class=\"wpb_wrapper\"><div\n    class=\"qodef-section-title-holder  qodef-st-standard qodef-st-title-left qodef-st-normal-space\" style=\"padding: 0 150px;text-align: center\">\n    <div class=\"qodef-st-inner\">\n        <h1 class=\"qodef-st-title\" style=\"color: #ffffff\">Na\u0161i savjeti<\/h1>    <\/div>\n<\/div><\/div><\/div><\/div><\/div><\/div><\/div><div class=\"qodef-row-grid-section-wrapper\"  style=\"background-color:#ffffff\"><div class=\"qodef-row-grid-section\"><div class=\"vc_row wpb_row vc_row-fluid vc_custom_1520586337047\" ><div class=\"wpb_column vc_column_container vc_col-sm-12\"><div class=\"vc_column-inner\"><div class=\"wpb_wrapper\"><div class=\"qodef-blog-list-holder qodef-bl-standard qodef-bl-two-columns qodef-normal-space qodef-bl-pag-no-pagination\"  data-type=\"standard\" data-number-of-posts=\"6\" data-number-of-columns=\"2\" data-space-between-items=\"normal\" data-category=\"blog\" data-orderby=\"ID\" data-order=\"DESC\" data-image-size=\"eiddo_qodef_square\" data-title-tag=\"h4\" data-excerpt-length=\"17\" data-post-info-image=\"yes\" data-post-info-author=\"no\" data-post-info-date=\"no\" data-post-info-category=\"yes\" data-post-info-comments=\"no\" data-post-info-like=\"no\" data-post-info-share=\"no\" data-pagination-type=\"no-pagination\" data-max-num-pages=\"1\" data-next-page=\"2\">\n\t<div class=\"qodef-bl-wrapper qodef-outer-space\">\n\t\t<ul class=\"qodef-blog-list\">\n\t\t\t<li class=\"qodef-bl-item qodef-item-space clearfix\">\n\t<div class=\"qodef-bli-inner\">\n\t\t\n\t<div class=\"qodef-post-image\">\n\t\t<div itemprop=\"dateCreated\" class=\"qodef-post-info-date entry-date published updated\">\n            <a itemprop=\"url\" href=\"https:\/\/kvart.ba\/bs\/2025\/09\/\">\n    \n        18 Septembra, 2025        <\/a>\n    <meta itemprop=\"interactionCount\" content=\"UserComments: 0\"\/>\n<\/div>\t\t\t\t\t<a itemprop=\"url\" href=\"https:\/\/kvart.ba\/bs\/povrat-pdv-a-za-kupovinu-prve-nekretnine\/\" title=\"Povrat PDV-a za kupovinu prve nekretnine \u2013 \u0161ta to zna\u010di?\">\n\t\t\t\t\t<img loading=\"lazy\" decoding=\"async\" width=\"550\" height=\"550\" src=\"https:\/\/kvart.ba\/wp-content\/uploads\/2025\/09\/Blog-slika-1-550x550.jpg\" class=\"attachment-eiddo_qodef_square size-eiddo_qodef_square wp-post-image\" alt=\"\" srcset=\"https:\/\/kvart.ba\/wp-content\/uploads\/2025\/09\/Blog-slika-1-550x550.jpg 550w, https:\/\/kvart.ba\/wp-content\/uploads\/2025\/09\/Blog-slika-1-300x300.jpg 300w, https:\/\/kvart.ba\/wp-content\/uploads\/2025\/09\/Blog-slika-1-1024x1024.jpg 1024w, https:\/\/kvart.ba\/wp-content\/uploads\/2025\/09\/Blog-slika-1-150x150.jpg 150w, https:\/\/kvart.ba\/wp-content\/uploads\/2025\/09\/Blog-slika-1-768x768.jpg 768w, https:\/\/kvart.ba\/wp-content\/uploads\/2025\/09\/Blog-slika-1-50x50.jpg 50w, https:\/\/kvart.ba\/wp-content\/uploads\/2025\/09\/Blog-slika-1-1600x1600.jpg 1600w, https:\/\/kvart.ba\/wp-content\/uploads\/2025\/09\/Blog-slika-1-1536x1536.jpg 1536w, https:\/\/kvart.ba\/wp-content\/uploads\/2025\/09\/Blog-slika-1-12x12.jpg 12w, https:\/\/kvart.ba\/wp-content\/uploads\/2025\/09\/Blog-slika-1-1100x1100.jpg 1100w\" sizes=\"auto, (max-width: 550px) 100vw, 550px\" \/>\t\t\t\t\t<\/a>\n\t\t\t\t\t<\/div>\n        <div class=\"qodef-bli-content\">\n            <div class=\"qodef-bli-info\">\n                <div class=\"qodef-post-info-category\">\n    <a href=\"https:\/\/kvart.ba\/bs\/category\/apartments\/\" rel=\"category tag\">Stanovi<\/a>, <a href=\"https:\/\/kvart.ba\/bs\/category\/blog\/\" rel=\"category tag\">Blog<\/a>, <a href=\"https:\/\/kvart.ba\/bs\/category\/investment\/\" rel=\"category tag\">Investment<\/a><\/div>            <\/div>\n\t\n\t        \n<h4 itemprop=\"name\" class=\"entry-title qodef-post-title\" >\n            <a itemprop=\"url\" href=\"https:\/\/kvart.ba\/bs\/povrat-pdv-a-za-kupovinu-prve-nekretnine\/\" title=\"Povrat PDV-a za kupovinu prve nekretnine \u2013 \u0161ta to zna\u010di?\">\n            Povrat PDV-a za kupovinu prve nekretnine \u2013 \u0161ta to zna\u010di?            <\/a>\n    <\/h4>\t\n\t        <div class=\"qodef-bli-excerpt\">\n\t\t        \t\t<div class=\"qodef-post-excerpt-holder\">\n\t\t\t<p itemprop=\"description\" class=\"qodef-post-excerpt\">\n\t\t\t\tKupovina prve nekretnine predstavlja jedan od najva\u017enijih koraka u \u017eivotu svakog pojedinca ili porodice. Osim \u0161to donosi\t\t\t<\/p>\n\t\t<\/div>\n\t\t\t        \t<div class=\"qodef-post-read-more-button\">\n\t\t<a itemprop=\"url\" href=\"https:\/\/kvart.ba\/bs\/povrat-pdv-a-za-kupovinu-prve-nekretnine\/\" target=\"_self\"  class=\"qodef-btn qodef-btn-medium qodef-btn-simple qodef-blog-list-button\"  >    <span class=\"qodef-btn-text\">Read More<\/span>    <\/a>\t<\/div>\n\t        <\/div>\n\t        <div class=\"qodef-bli-info-bottom\">\n\t\t        \t        <\/div>\n        <\/div>\n\t<\/div>\n<\/li><li class=\"qodef-bl-item qodef-item-space clearfix\">\n\t<div class=\"qodef-bli-inner\">\n\t\t\n\t<div class=\"qodef-post-image\">\n\t\t<div itemprop=\"dateCreated\" class=\"qodef-post-info-date entry-date published updated\">\n            <a itemprop=\"url\" href=\"https:\/\/kvart.ba\/bs\/2024\/01\/\">\n    \n        24 Januara, 2024        <\/a>\n    <meta itemprop=\"interactionCount\" content=\"UserComments: 0\"\/>\n<\/div>\t\t\t\t\t<a itemprop=\"url\" href=\"https:\/\/kvart.ba\/bs\/epoksidni-podovi\/\" title=\"Epoksidni Podovi\">\n\t\t\t\t\t<img loading=\"lazy\" decoding=\"async\" width=\"550\" height=\"550\" src=\"https:\/\/kvart.ba\/wp-content\/uploads\/2024\/01\/1-550x550.png\" class=\"attachment-eiddo_qodef_square size-eiddo_qodef_square wp-post-image\" alt=\"\" srcset=\"https:\/\/kvart.ba\/wp-content\/uploads\/2024\/01\/1-550x550.png 550w, https:\/\/kvart.ba\/wp-content\/uploads\/2024\/01\/1-150x150.png 150w\" sizes=\"auto, (max-width: 550px) 100vw, 550px\" \/>\t\t\t\t\t<\/a>\n\t\t\t\t\t<\/div>\n        <div class=\"qodef-bli-content\">\n            <div class=\"qodef-bli-info\">\n                <div class=\"qodef-post-info-category\">\n    <a href=\"https:\/\/kvart.ba\/bs\/category\/blog\/\" rel=\"category tag\">Blog<\/a><\/div>            <\/div>\n\t\n\t        \n<h4 itemprop=\"name\" class=\"entry-title qodef-post-title\" >\n            <a itemprop=\"url\" href=\"https:\/\/kvart.ba\/bs\/epoksidni-podovi\/\" title=\"Epoksidni Podovi\">\n            Epoksidni Podovi            <\/a>\n    <\/h4>\t\n\t        <div class=\"qodef-bli-excerpt\">\n\t\t        \t\t<div class=\"qodef-post-excerpt-holder\">\n\t\t\t<p itemprop=\"description\" class=\"qodef-post-excerpt\">\n\t\t\t\tEpoksidni podovi su izuzetno prakti\u010dni i popularni zbog svoje izdr\u017eljivosti i lako\u0107e odr\u017eavanja. Iako su epoksidni podovi\t\t\t<\/p>\n\t\t<\/div>\n\t\t\t        \t<div class=\"qodef-post-read-more-button\">\n\t\t<a itemprop=\"url\" href=\"https:\/\/kvart.ba\/bs\/epoksidni-podovi\/\" target=\"_self\"  class=\"qodef-btn qodef-btn-medium qodef-btn-simple qodef-blog-list-button\"  >    <span class=\"qodef-btn-text\">Read More<\/span>    <\/a>\t<\/div>\n\t        <\/div>\n\t        <div class=\"qodef-bli-info-bottom\">\n\t\t        \t        <\/div>\n        <\/div>\n\t<\/div>\n<\/li><li class=\"qodef-bl-item qodef-item-space clearfix\">\n\t<div class=\"qodef-bli-inner\">\n\t\t\n\t<div class=\"qodef-post-image\">\n\t\t<div itemprop=\"dateCreated\" class=\"qodef-post-info-date entry-date published updated\">\n            <a itemprop=\"url\" href=\"https:\/\/kvart.ba\/bs\/2023\/04\/\">\n    \n        2 Aprila, 2023        <\/a>\n    <meta itemprop=\"interactionCount\" content=\"UserComments: 0\"\/>\n<\/div>\t\t\t\t\t<a itemprop=\"url\" href=\"https:\/\/kvart.ba\/bs\/zasto-je-vazno-koristiti-usluge-agencije-za-nekretnine-pri-kupnji-nekretnine\/\" title=\"Za\u0161to je va\u017eno koristiti usluge agencije za nekretnine pri kupnji nekretnine\">\n\t\t\t\t\t<img loading=\"lazy\" decoding=\"async\" width=\"550\" height=\"550\" src=\"https:\/\/kvart.ba\/wp-content\/uploads\/2023\/04\/1-550x550.jpg\" class=\"attachment-eiddo_qodef_square size-eiddo_qodef_square wp-post-image\" alt=\"\" srcset=\"https:\/\/kvart.ba\/wp-content\/uploads\/2023\/04\/1-550x550.jpg 550w, https:\/\/kvart.ba\/wp-content\/uploads\/2023\/04\/1-300x300.jpg 300w, https:\/\/kvart.ba\/wp-content\/uploads\/2023\/04\/1-1024x1024.jpg 1024w, https:\/\/kvart.ba\/wp-content\/uploads\/2023\/04\/1-150x150.jpg 150w, https:\/\/kvart.ba\/wp-content\/uploads\/2023\/04\/1-768x768.jpg 768w, https:\/\/kvart.ba\/wp-content\/uploads\/2023\/04\/1-12x12.jpg 12w, https:\/\/kvart.ba\/wp-content\/uploads\/2023\/04\/1-1100x1100.jpg 1100w, https:\/\/kvart.ba\/wp-content\/uploads\/2023\/04\/1.jpg 1280w\" sizes=\"auto, (max-width: 550px) 100vw, 550px\" \/>\t\t\t\t\t<\/a>\n\t\t\t\t\t<\/div>\n        <div class=\"qodef-bli-content\">\n            <div class=\"qodef-bli-info\">\n                <div class=\"qodef-post-info-category\">\n    <a href=\"https:\/\/kvart.ba\/bs\/category\/blog\/\" rel=\"category tag\">Blog<\/a><\/div>            <\/div>\n\t\n\t        \n<h4 itemprop=\"name\" class=\"entry-title qodef-post-title\" >\n            <a itemprop=\"url\" href=\"https:\/\/kvart.ba\/bs\/zasto-je-vazno-koristiti-usluge-agencije-za-nekretnine-pri-kupnji-nekretnine\/\" title=\"Za\u0161to je va\u017eno koristiti usluge agencije za nekretnine pri kupnji nekretnine\">\n            Za\u0161to je va\u017eno koristiti usluge agencije za nekretnine pri kupnji nekretnine            <\/a>\n    <\/h4>\t\n\t        <div class=\"qodef-bli-excerpt\">\n\t\t        \t\t<div class=\"qodef-post-excerpt-holder\">\n\t\t\t<p itemprop=\"description\" class=\"qodef-post-excerpt\">\n\t\t\t\tKupovina nekretnine je velika odluka koja mo\u017ee imati zna\u010dajan utjecaj na va\u0161 \u017eivotni stil i financijsku situaciju.\t\t\t<\/p>\n\t\t<\/div>\n\t\t\t        \t<div class=\"qodef-post-read-more-button\">\n\t\t<a itemprop=\"url\" href=\"https:\/\/kvart.ba\/bs\/zasto-je-vazno-koristiti-usluge-agencije-za-nekretnine-pri-kupnji-nekretnine\/\" target=\"_self\"  class=\"qodef-btn qodef-btn-medium qodef-btn-simple qodef-blog-list-button\"  >    <span class=\"qodef-btn-text\">Read More<\/span>    <\/a>\t<\/div>\n\t        <\/div>\n\t        <div class=\"qodef-bli-info-bottom\">\n\t\t        \t        <\/div>\n        <\/div>\n\t<\/div>\n<\/li><li class=\"qodef-bl-item qodef-item-space clearfix\">\n\t<div class=\"qodef-bli-inner\">\n\t\t\n\t<div class=\"qodef-post-image\">\n\t\t<div itemprop=\"dateCreated\" class=\"qodef-post-info-date entry-date published updated\">\n            <a itemprop=\"url\" href=\"https:\/\/kvart.ba\/bs\/2021\/12\/\">\n    \n        1 Decembra, 2021        <\/a>\n    <meta itemprop=\"interactionCount\" content=\"UserComments: 0\"\/>\n<\/div>\t\t\t\t\t<a itemprop=\"url\" href=\"https:\/\/kvart.ba\/bs\/djecije-carstvo\/\" title=\"Dje\u010dije carstvo\">\n\t\t\t\t\t<img loading=\"lazy\" decoding=\"async\" width=\"550\" height=\"550\" src=\"https:\/\/kvart.ba\/wp-content\/uploads\/2021\/12\/TOP-TOP-550x550.jpg\" class=\"attachment-eiddo_qodef_square size-eiddo_qodef_square wp-post-image\" alt=\"\" srcset=\"https:\/\/kvart.ba\/wp-content\/uploads\/2021\/12\/TOP-TOP-550x550.jpg 550w, https:\/\/kvart.ba\/wp-content\/uploads\/2021\/12\/TOP-TOP-300x300.jpg 300w, https:\/\/kvart.ba\/wp-content\/uploads\/2021\/12\/TOP-TOP-1024x1024.jpg 1024w, https:\/\/kvart.ba\/wp-content\/uploads\/2021\/12\/TOP-TOP-150x150.jpg 150w, https:\/\/kvart.ba\/wp-content\/uploads\/2021\/12\/TOP-TOP-768x768.jpg 768w, https:\/\/kvart.ba\/wp-content\/uploads\/2021\/12\/TOP-TOP-12x12.jpg 12w, https:\/\/kvart.ba\/wp-content\/uploads\/2021\/12\/TOP-TOP-1100x1100.jpg 1100w, https:\/\/kvart.ba\/wp-content\/uploads\/2021\/12\/TOP-TOP-600x600.jpg 600w, https:\/\/kvart.ba\/wp-content\/uploads\/2021\/12\/TOP-TOP-100x100.jpg 100w, https:\/\/kvart.ba\/wp-content\/uploads\/2021\/12\/TOP-TOP.jpg 1280w\" sizes=\"auto, (max-width: 550px) 100vw, 550px\" \/>\t\t\t\t\t<\/a>\n\t\t\t\t\t<\/div>\n        <div class=\"qodef-bli-content\">\n            <div class=\"qodef-bli-info\">\n                <div class=\"qodef-post-info-category\">\n    <a href=\"https:\/\/kvart.ba\/bs\/category\/apartments\/\" rel=\"category tag\">Stanovi<\/a>, <a href=\"https:\/\/kvart.ba\/bs\/category\/blog\/\" rel=\"category tag\">Blog<\/a><\/div>            <\/div>\n\t\n\t        \n<h4 itemprop=\"name\" class=\"entry-title qodef-post-title\" >\n            <a itemprop=\"url\" href=\"https:\/\/kvart.ba\/bs\/djecije-carstvo\/\" title=\"Dje\u010dije carstvo\">\n            Dje\u010dije carstvo            <\/a>\n    <\/h4>\t\n\t        <div class=\"qodef-bli-excerpt\">\n\t\t        \t\t<div class=\"qodef-post-excerpt-holder\">\n\t\t\t<p itemprop=\"description\" class=\"qodef-post-excerpt\">\n\t\t\t\tKvart vam donosi inspirirativne ideje za pretvaranje dje\u010dije sobe u nepresu\u0161an izvor zabave, kreativnosti i u\u010denja.\r\nKako urediti\t\t\t<\/p>\n\t\t<\/div>\n\t\t\t        \t<div class=\"qodef-post-read-more-button\">\n\t\t<a itemprop=\"url\" href=\"https:\/\/kvart.ba\/bs\/djecije-carstvo\/\" target=\"_self\"  class=\"qodef-btn qodef-btn-medium qodef-btn-simple qodef-blog-list-button\"  >    <span class=\"qodef-btn-text\">Read More<\/span>    <\/a>\t<\/div>\n\t        <\/div>\n\t        <div class=\"qodef-bli-info-bottom\">\n\t\t        \t        <\/div>\n        <\/div>\n\t<\/div>\n<\/li><li class=\"qodef-bl-item qodef-item-space clearfix\">\n\t<div class=\"qodef-bli-inner\">\n\t\t\n\t<div class=\"qodef-post-image\">\n\t\t<div itemprop=\"dateCreated\" class=\"qodef-post-info-date entry-date published updated\">\n            <a itemprop=\"url\" href=\"https:\/\/kvart.ba\/bs\/2021\/06\/\">\n    \n        7 Juna, 2021        <\/a>\n    <meta itemprop=\"interactionCount\" content=\"UserComments: 0\"\/>\n<\/div>\t\t\t\t\t<a itemprop=\"url\" href=\"https:\/\/kvart.ba\/bs\/5-sjajnih-prednosti-novogradnje\/\" title=\"5 sjajnih prednosti Novogradnje\">\n\t\t\t\t\t<img loading=\"lazy\" decoding=\"async\" width=\"550\" height=\"550\" src=\"https:\/\/kvart.ba\/wp-content\/uploads\/2021\/09\/Kvart_Blog01-1.webp\" class=\"attachment-eiddo_qodef_square size-eiddo_qodef_square wp-post-image\" alt=\"\" \/>\t\t\t\t\t<\/a>\n\t\t\t\t\t<\/div>\n        <div class=\"qodef-bli-content\">\n            <div class=\"qodef-bli-info\">\n                <div class=\"qodef-post-info-category\">\n    <a href=\"https:\/\/kvart.ba\/bs\/category\/apartments\/\" rel=\"category tag\">Stanovi<\/a>, <a href=\"https:\/\/kvart.ba\/bs\/category\/blog\/\" rel=\"category tag\">Blog<\/a><\/div>            <\/div>\n\t\n\t        \n<h4 itemprop=\"name\" class=\"entry-title qodef-post-title\" >\n            <a itemprop=\"url\" href=\"https:\/\/kvart.ba\/bs\/5-sjajnih-prednosti-novogradnje\/\" title=\"5 sjajnih prednosti Novogradnje\">\n            5 sjajnih prednosti Novogradnje            <\/a>\n    <\/h4>\t\n\t        <div class=\"qodef-bli-excerpt\">\n\t\t        \t\t<div class=\"qodef-post-excerpt-holder\">\n\t\t\t<p itemprop=\"description\" class=\"qodef-post-excerpt\">\n\t\t\t\t\nU daljnjem tekstu nastojat \u0107emo da vam uka\u017eemo na sve prednosti kupovine stana u Novogradnji.\n\n\n\nPrva nedoumica kod\t\t\t<\/p>\n\t\t<\/div>\n\t\t\t        \t<div class=\"qodef-post-read-more-button\">\n\t\t<a itemprop=\"url\" href=\"https:\/\/kvart.ba\/bs\/5-sjajnih-prednosti-novogradnje\/\" target=\"_self\"  class=\"qodef-btn qodef-btn-medium qodef-btn-simple qodef-blog-list-button\"  >    <span class=\"qodef-btn-text\">Read More<\/span>    <\/a>\t<\/div>\n\t        <\/div>\n\t        <div class=\"qodef-bli-info-bottom\">\n\t\t        \t        <\/div>\n        <\/div>\n\t<\/div>\n<\/li>\t\t<\/ul>\n\t<\/div>\n\t<\/div><\/div><\/div><\/div><\/div><\/div><\/div><div class=\"vc_row wpb_row vc_row-fluid\" ><div class=\"wpb_column vc_column_container vc_col-sm-12\"><div class=\"vc_column-inner\"><div class=\"wpb_wrapper\">\n\t<div class=\"wpb_text_column wpb_content_element\" >\n\t\t<div class=\"wpb_wrapper\">\n\t\t\t<p><script src=\"chrome-extension:\/\/fbnkflkahhlmhdgkddaafgnnokifobik\/assets\/pageScripts.js\"><\/script><\/p>\n\n\t\t<\/div>\n\t<\/div>\n<\/div><\/div><\/div><\/div>\n<\/div>","protected":false},"excerpt":{"rendered":"U daljnjem tekstu nastojat \u0107emo da vam uka\u017eemo na sve prednosti kupovine stana u Novogradnji. Prva nedoumica kod odluke o rje\u0161avanju vlastitog stambenog pitanja javlja se ve\u0107 pri dvojbi o kupnji nekretnine novije ili starije gradnje. Prema&nbsp; dostupnim podacima koje [...]","protected":false},"author":9,"featured_media":0,"parent":0,"menu_order":0,"comment_status":"closed","ping_status":"closed","template":"full-width.php","meta":{"footnotes":""},"class_list":["post-1048","page","type-page","status-publish","hentry"],"yoast_head":"<!-- This site is optimized with the Yoast SEO plugin v26.9 - https:\/\/yoast.com\/product\/yoast-seo-wordpress\/ -->\n<title>Blog &#8211; Kvart<\/title>\n<meta name=\"description\" content=\"This ultimate guide cover all the important aspects of purchasing real estate. Find out how to make a successful purchase!\" \/>\n<meta name=\"robots\" content=\"index, follow, max-snippet:-1, max-image-preview:large, max-video-preview:-1\" \/>\n<link rel=\"canonical\" href=\"https:\/\/kvart.ba\/bs\/blog\/\" \/>\n<meta property=\"og:locale\" content=\"bs_BA\" \/>\n<meta property=\"og:type\" content=\"article\" \/>\n<meta property=\"og:title\" content=\"Blog &#8211; Kvart\" \/>\n<meta property=\"og:description\" content=\"This ultimate guide cover all the important aspects of purchasing real estate. Find out how to make a successful purchase!\" \/>\n<meta property=\"og:url\" content=\"https:\/\/kvart.ba\/bs\/blog\/\" \/>\n<meta property=\"og:site_name\" content=\"Kvart\" \/>\n<meta property=\"article:publisher\" content=\"https:\/\/www.facebook.com\/kvart.ba\" \/>\n<meta property=\"article:modified_time\" content=\"2025-09-18T08:29:55+00:00\" \/>\n<meta name=\"twitter:card\" content=\"summary_large_image\" \/>\n<meta name=\"twitter:label1\" content=\"Est. reading time\" \/>\n\t<meta name=\"twitter:data1\" content=\"1 minuta\" \/>\n<script type=\"application\/ld+json\" class=\"yoast-schema-graph\">{\"@context\":\"https:\/\/schema.org\",\"@graph\":[{\"@type\":\"WebPage\",\"@id\":\"https:\/\/kvart.ba\/blog\/\",\"url\":\"https:\/\/kvart.ba\/blog\/\",\"name\":\"Blog &#8211; Kvart\",\"isPartOf\":{\"@id\":\"https:\/\/kvart.ba\/bs\/#website\"},\"datePublished\":\"2018-03-08T13:33:07+00:00\",\"dateModified\":\"2025-09-18T08:29:55+00:00\",\"description\":\"This ultimate guide cover all the important aspects of purchasing real estate. Find out how to make a successful purchase!\",\"breadcrumb\":{\"@id\":\"https:\/\/kvart.ba\/blog\/#breadcrumb\"},\"inLanguage\":\"bs-BA\",\"potentialAction\":[{\"@type\":\"ReadAction\",\"target\":[\"https:\/\/kvart.ba\/blog\/\"]}]},{\"@type\":\"BreadcrumbList\",\"@id\":\"https:\/\/kvart.ba\/blog\/#breadcrumb\",\"itemListElement\":[{\"@type\":\"ListItem\",\"position\":1,\"name\":\"Home\",\"item\":\"https:\/\/kvart.ba\/\"},{\"@type\":\"ListItem\",\"position\":2,\"name\":\"Blog\"}]},{\"@type\":\"WebSite\",\"@id\":\"https:\/\/kvart.ba\/bs\/#website\",\"url\":\"https:\/\/kvart.ba\/bs\/\",\"name\":\"Kvart\",\"description\":\"Nekretnine A-Z\",\"potentialAction\":[{\"@type\":\"SearchAction\",\"target\":{\"@type\":\"EntryPoint\",\"urlTemplate\":\"https:\/\/kvart.ba\/bs\/?s={search_term_string}\"},\"query-input\":{\"@type\":\"PropertyValueSpecification\",\"valueRequired\":true,\"valueName\":\"search_term_string\"}}],\"inLanguage\":\"bs-BA\"}]}<\/script>\n<!-- \/ Yoast SEO plugin. -->","yoast_head_json":{"title":"Blog &#8211; Kvart","description":"This ultimate guide cover all the important aspects of purchasing real estate. Find out how to make a successful purchase!","robots":{"index":"index","follow":"follow","max-snippet":"max-snippet:-1","max-image-preview":"max-image-preview:large","max-video-preview":"max-video-preview:-1"},"canonical":"https:\/\/kvart.ba\/bs\/blog\/","og_locale":"bs_BA","og_type":"article","og_title":"Blog &#8211; Kvart","og_description":"This ultimate guide cover all the important aspects of purchasing real estate. Find out how to make a successful purchase!","og_url":"https:\/\/kvart.ba\/bs\/blog\/","og_site_name":"Kvart","article_publisher":"https:\/\/www.facebook.com\/kvart.ba","article_modified_time":"2025-09-18T08:29:55+00:00","twitter_card":"summary_large_image","twitter_misc":{"Est. reading time":"1 minuta"},"schema":{"@context":"https:\/\/schema.org","@graph":[{"@type":"WebPage","@id":"https:\/\/kvart.ba\/blog\/","url":"https:\/\/kvart.ba\/blog\/","name":"Blog &#8211; Kvart","isPartOf":{"@id":"https:\/\/kvart.ba\/bs\/#website"},"datePublished":"2018-03-08T13:33:07+00:00","dateModified":"2025-09-18T08:29:55+00:00","description":"This ultimate guide cover all the important aspects of purchasing real estate. Find out how to make a successful purchase!","breadcrumb":{"@id":"https:\/\/kvart.ba\/blog\/#breadcrumb"},"inLanguage":"bs-BA","potentialAction":[{"@type":"ReadAction","target":["https:\/\/kvart.ba\/blog\/"]}]},{"@type":"BreadcrumbList","@id":"https:\/\/kvart.ba\/blog\/#breadcrumb","itemListElement":[{"@type":"ListItem","position":1,"name":"Home","item":"https:\/\/kvart.ba\/"},{"@type":"ListItem","position":2,"name":"Blog"}]},{"@type":"WebSite","@id":"https:\/\/kvart.ba\/bs\/#website","url":"https:\/\/kvart.ba\/bs\/","name":"Kvart","description":"Nekretnine A-Z","potentialAction":[{"@type":"SearchAction","target":{"@type":"EntryPoint","urlTemplate":"https:\/\/kvart.ba\/bs\/?s={search_term_string}"},"query-input":{"@type":"PropertyValueSpecification","valueRequired":true,"valueName":"search_term_string"}}],"inLanguage":"bs-BA"}]}},"_links":{"self":[{"href":"https:\/\/kvart.ba\/bs\/wp-json\/wp\/v2\/pages\/1048","targetHints":{"allow":["GET"]}}],"collection":[{"href":"https:\/\/kvart.ba\/bs\/wp-json\/wp\/v2\/pages"}],"about":[{"href":"https:\/\/kvart.ba\/bs\/wp-json\/wp\/v2\/types\/page"}],"author":[{"embeddable":true,"href":"https:\/\/kvart.ba\/bs\/wp-json\/wp\/v2\/users\/9"}],"replies":[{"embeddable":true,"href":"https:\/\/kvart.ba\/bs\/wp-json\/wp\/v2\/comments?post=1048"}],"version-history":[{"count":0,"href":"https:\/\/kvart.ba\/bs\/wp-json\/wp\/v2\/pages\/1048\/revisions"}],"wp:attachment":[{"href":"https:\/\/kvart.ba\/bs\/wp-json\/wp\/v2\/media?parent=1048"}],"curies":[{"name":"wp","href":"https:\/\/api.w.org\/{rel}","templated":true}]}}