{"id":547,"date":"2018-03-05T13:10:23","date_gmt":"2018-03-05T13:10:23","guid":{"rendered":"http:\/\/eiddo.select-themes.com\/?page_id=547"},"modified":"2025-06-05T10:40:20","modified_gmt":"2025-06-05T08:40:20","slug":"o-nama","status":"publish","type":"page","link":"https:\/\/kvart.ba\/bs\/o-nama\/","title":{"rendered":"O nama"},"content":{"rendered":"<div class=\"wpb-content-wrapper\"><div class=\"qodef-row-grid-section-wrapper qodef-parallax-row-holder\" data-parallax-bg-image=\"https:\/\/kvart.ba\/wp-content\/uploads\/2024\/05\/Onama_2.jpg\" data-parallax-bg-speed=\"1\" data-parallax-bg-height=\"446\" ><div class=\"qodef-row-grid-section\"><div class=\"vc_row wpb_row vc_row-fluid\" ><div class=\"wpb_column vc_column_container vc_col-sm-12\"><div class=\"vc_column-inner\"><div class=\"wpb_wrapper\"><div class=\"qodef-elements-holder   qodef-one-column  qodef-responsive-mode-768\" ><div class=\"qodef-eh-item   qodef-horizontal-alignment-center\"  data-item-class=\"qodef-eh-custom-7870\" data-1280-1600=\"129px 19%\" data-1024-1280=\"129px 21%\" data-768-1024=\"113px 7% 134px\" data-680-768=\"113px 0 134px\" data-680=\"113px 0 134px\">\n\t<div class=\"qodef-eh-item-inner\">\n\t\t<div class=\"qodef-eh-item-content qodef-eh-custom-7870\" style=\"padding: 129px 24%\">\n\t\t\t<h2 class=\"qodef-custom-font-holder  qodef-cf-4196\" style=\"font-size: 72px;line-height: 64px;color: #ffffff\" data-item-class=\"qodef-cf-4196\" data-font-size-680=\"57px\">\n\tO nama<\/h2><p class=\"qodef-custom-font-holder  qodef-cf-6266\" style=\"font-size: 18px;color: #ffffff\" data-item-class=\"qodef-cf-6266\">\n\tMjesto gdje Va\u0161a nekretnina postaje dom<\/p>\t\t<\/div>\n\t<\/div>\n<\/div><\/div><\/div><\/div><\/div><\/div><\/div><\/div><div class=\"qodef-row-grid-section-wrapper\"  style=\"background-color:#ffffff\"><div class=\"qodef-row-grid-section\"><div class=\"vc_row wpb_row vc_row-fluid vc_custom_1520260821779\" ><div class=\"wpb_column vc_column_container vc_col-sm-12 vc_col-lg-6 vc_col-md-12\"><div class=\"vc_column-inner\"><div class=\"wpb_wrapper\"><div class=\"qodef-elements-holder   qodef-one-column  qodef-responsive-mode-768\" ><div class=\"qodef-eh-item\"  data-item-class=\"qodef-eh-custom-8402\">\n\t<div class=\"qodef-eh-item-inner\">\n\t\t<div class=\"qodef-eh-item-content qodef-eh-custom-8402\" style=\"padding: 0 0 0 0\">\n\t\t\t\n\t<div  class=\"wpb_single_image wpb_content_element vc_align_left wpb_content_element\">\n\t\t\n\t\t<figure class=\"wpb_wrapper vc_figure\">\n\t\t\t<div class=\"vc_single_image-wrapper   vc_box_border_grey\"><img loading=\"lazy\" decoding=\"async\" width=\"420\" height=\"630\" src=\"https:\/\/kvart.ba\/wp-content\/uploads\/2021\/09\/about-us-H1-prop-feat-img-6.webp\" class=\"vc_single_image-img attachment-full\" alt=\"\" title=\"about-us-H1-prop-feat-img-6\" \/><\/div>\n\t\t<\/figure>\n\t<\/div>\n\t\t<\/div>\n\t<\/div>\n<\/div><\/div><\/div><\/div><\/div><div class=\"wpb_column vc_column_container vc_col-sm-12 vc_col-lg-6 vc_col-md-12\"><div class=\"vc_column-inner\"><div class=\"wpb_wrapper\"><div class=\"qodef-elements-holder   qodef-one-column  qodef-responsive-mode-768\" ><div class=\"qodef-eh-item\"  data-item-class=\"qodef-eh-custom-8562\" data-1280-1600=\"71px 0px 0 60px\" data-1024-1280=\"71px 7px 0 60px\" data-768-1024=\"45px 0 0 0\" data-680-768=\"45px 0 0 0\" data-680=\"45px 0 0 0\">\n\t<div class=\"qodef-eh-item-inner\">\n\t\t<div class=\"qodef-eh-item-content qodef-eh-custom-8562\" style=\"padding: 96px 7px 0 60px\">\n\t\t\t<div\n    class=\"qodef-section-title-holder  qodef-st-standard qodef-st-title-left qodef-st-normal-space\" >\n    <div class=\"qodef-st-inner\">\n                    <div class=\"qodef-st-label\">\n                Kvart 2021            <\/div>\n        <h1 class=\"qodef-st-title\" >Pretvaramo Va\u0161 san o novoj nekretnini u stvarnost<\/h1><p class=\"qodef-st-text\" style=\"margin-top: 11px\">Kvart.ba je privatna kompanija \u2013 agencija za nekretnine osnovana od strane mladog bra\u010dnog para.  Timski rad, dugogodi\u0161nje iskustvo osniva\u010da i zaposlenih garantuju ispunjenje visoko postavljenih ciljeva.\nNa\u0161im inovativnim i modernim pristupom klijentima pru\u017eamo vrhunsku uslugu posredovanja u prometu nekretnina. Na\u0161a misija je opravdati va\u0161e ukazano povjerenje primjenjuju\u0107i iznimnu kvalitetu usluge na profesionalan i pristupa\u010dan na\u010din.<\/p>    <\/div>\n<\/div><div class=\"vc_empty_space\"   style=\"height: 9px\"><span class=\"vc_empty_space_inner\"><\/span><\/div>\n\t<div class=\"wpb_text_column wpb_content_element\" >\n\t\t<div class=\"wpb_wrapper\">\n\t\t\t<blockquote><p>\n\"Sve pravne poslove vezane uz promet nekretninama radi na\u0161 pravni tim, s ciljem da omogu\u0107e klijentima da posao kupoprodaje i izdavanja obave na\u00a0<strong>NAJBR\u017dI, NAJKVALITETNIJI I NAJISPLATIVIJI<\/strong> na\u010din, a sve to uz potpunu diskreciju i pravnu sigurnost.Kvart tim \u010dine pouzdani, profesionalni agenti, <strong>licencirani od strane Privredne\/Gospodarske komore Federacije BiH<\/strong> i osigurani kod Osiguravaju\u0107eg dru\u0161tva u slu\u010daju odgovornosti za \u0161tetu koju bi nalogodavcu ili tre\u0107em licu mogli prouzrokovati kao posljedica profesionalne gre\u0161ke  prilikom obavljanja registrovane djelatnosti. Zadovoljstvo na\u0161ih klijenata na prvome nam je mjestu.\"\n<\/p><\/blockquote>\n\n\t\t<\/div>\n\t<\/div>\n<div class=\"vc_empty_space\"   style=\"height: 30px\"><span class=\"vc_empty_space_inner\"><\/span><\/div><a itemprop=\"url\" href=\"http:\/\/164.90.227.16\/?s=&#038;qodef-property-search=yes&#038;qodef-search-type=&#038;qodef-search-city=&#038;qodef-search-status=&#038;\" target=\"_self\"  class=\"qodef-btn qodef-btn-medium qodef-btn-solid\"  >\n    <span class=\"qodef-btn-text\">Zapo\u010dnite pretragu<\/span>\n    <\/a>\t\t<\/div>\n\t<\/div>\n<\/div><\/div><\/div><\/div><\/div><\/div><\/div><\/div><div class=\"qodef-row-grid-section-wrapper\"  ><div class=\"qodef-row-grid-section\"><div class=\"vc_row wpb_row vc_row-fluid vc_row-o-equal-height vc_row-flex\" ><div class=\"wpb_column vc_column_container vc_col-sm-6 vc_col-has-fill\"><div class=\"vc_column-inner vc_custom_1749112622388\"><div class=\"wpb_wrapper\"><div class=\"qodef-single-image-holder\">\n    <div class=\"qodef-si-inner\" >\n                                    <img loading=\"lazy\" decoding=\"async\" src=\"https:\/\/kvart.ba\/wp-content\/uploads\/2025\/06\/1-1-1070x1720-1-420x560.png\" alt=\"\" width=\"420\" height=\"560\" \/>                        <\/div>\n<\/div><div class=\"vc_empty_space\"   style=\"height: 15px\"><span class=\"vc_empty_space_inner\"><\/span><\/div>\n\t<div class=\"wpb_text_column wpb_content_element\" >\n\t\t<div class=\"wpb_wrapper\">\n\t\t\t<h4 style=\"text-align: left;\">Zlatan Ljuhar<\/h4>\n<p style=\"text-align: left;\">dipl.iur.<\/p>\n<p style=\"text-align: left;\">zlatan@kvart.ba<\/p>\n\n\t\t<\/div>\n\t<\/div>\n<\/div><\/div><\/div><div class=\"wpb_column vc_column_container vc_col-sm-6 vc_col-has-fill\"><div class=\"vc_column-inner vc_custom_1749112640252\"><div class=\"wpb_wrapper\"><div class=\"qodef-single-image-holder\">\n    <div class=\"qodef-si-inner\" >\n                                    <img loading=\"lazy\" decoding=\"async\" src=\"https:\/\/kvart.ba\/wp-content\/uploads\/2024\/07\/2-1-420x560.png\" alt=\"\" width=\"420\" height=\"560\" \/>                        <\/div>\n<\/div><div class=\"vc_empty_space\"   style=\"height: 15px\"><span class=\"vc_empty_space_inner\"><\/span><\/div>\n\t<div class=\"wpb_text_column wpb_content_element\" >\n\t\t<div class=\"wpb_wrapper\">\n\t\t\t<h4 style=\"text-align: left;\">Amela Had\u017eijahi\u0107 &#8211; Ljuhar<\/h4>\n<p style=\"text-align: left;\">dipl.iur.<\/p>\n<p style=\"text-align: left;\">amela@kvart.ba<\/p>\n\n\t\t<\/div>\n\t<\/div>\n<\/div><\/div><\/div><\/div><\/div><\/div><div class=\"qodef-row-grid-section-wrapper\"  style=\"background-color:#ffffff\"><div class=\"qodef-row-grid-section\"><div class=\"vc_row wpb_row vc_row-fluid vc_custom_1520260777087\" ><div class=\"wpb_column vc_column_container vc_col-sm-12 vc_col-lg-7 vc_col-md-12\"><div class=\"vc_column-inner\"><div class=\"wpb_wrapper\"><div class=\"qodef-elements-holder   qodef-one-column  qodef-responsive-mode-768\" ><div class=\"qodef-eh-item\"  data-item-class=\"qodef-eh-custom-1317\" data-1280-1600=\"16px 0% 0 0\" data-1024-1280=\"19px 0% 0 0\" data-768-1024=\"0 0 50px 0\" data-680-768=\"0 0 50px 0\" data-680=\"0 0 50px 0\">\n\t<div class=\"qodef-eh-item-inner\">\n\t\t<div class=\"qodef-eh-item-content qodef-eh-custom-1317\" style=\"padding: 19px 7% 0 0\">\n\t\t\t<div\n    class=\"qodef-section-title-holder  qodef-st-standard qodef-st-title-left qodef-st-normal-space\" >\n    <div class=\"qodef-st-inner\">\n        <h1 class=\"qodef-st-title\" >Otkrijte svijet nekretnina sa nama<\/h1><p class=\"qodef-st-text\" style=\"margin-top: 11px\">Bez obzira da li kupujete novu nekretninu, tra\u017eite pametne savjete o ulaganju ili siguran par ruku za upravljanje va\u0161im nekretninama, garantujemo vam izuzetnu profesionalnost i iskustvo. Stoga od nas mo\u017eete o\u010dekivati profesionalne fotografije nekretnina, izradu atraktivnih videa, te ono \u0161to je u dana\u0161njem digitalnom svijetu najva\u017enije \u2013 u\u010dinkoviti marketing va\u0161ih nekretnina za br\u017ee i efikasnije poslovanje.<\/p>    <\/div>\n<\/div><div class=\"vc_empty_space\"   style=\"height: 30px\"><span class=\"vc_empty_space_inner\"><\/span><\/div><a itemprop=\"url\" href=\"#\" target=\"_self\"  class=\"qodef-btn qodef-btn-medium qodef-btn-solid\"  >\n    <span class=\"qodef-btn-text\">KVART.BA<\/span>\n    <\/a>\t\t<\/div>\n\t<\/div>\n<\/div><\/div><\/div><\/div><\/div><div class=\"wpb_column vc_column_container vc_col-sm-12 vc_col-lg-5 vc_col-md-12\"><div class=\"vc_column-inner\"><div class=\"wpb_wrapper\"><div class=\"qodef-elements-holder   qodef-one-column  qodef-responsive-mode-768\" ><div class=\"qodef-eh-item\"  data-item-class=\"qodef-eh-custom-3649\" data-1280-1600=\"0 0 0 27px\" data-1024-1280=\"0 0 0 27px\" data-768-1024=\"0 0 0 0\" data-680-768=\"0 0 0 0\" data-680=\"0 0 0 0\">\n\t<div class=\"qodef-eh-item-inner\">\n\t\t<div class=\"qodef-eh-item-content qodef-eh-custom-3649\" style=\"padding: 0 0 0 69px\">\n\t\t\t\n\t<div  class=\"wpb_single_image wpb_content_element vc_align_left wpb_content_element\">\n\t\t\n\t\t<figure class=\"wpb_wrapper vc_figure\">\n\t\t\t<div class=\"vc_single_image-wrapper   vc_box_border_grey\"><img loading=\"lazy\" decoding=\"async\" width=\"1200\" height=\"800\" src=\"https:\/\/kvart.ba\/wp-content\/uploads\/2021\/09\/about-single-img-1.webp\" class=\"vc_single_image-img attachment-full\" alt=\"\" title=\"about-single-img-1\" \/><\/div>\n\t\t<\/figure>\n\t<\/div>\n\t\t<\/div>\n\t<\/div>\n<\/div><\/div><\/div><\/div><\/div><\/div><\/div><\/div><div class=\"vc_row wpb_row vc_row-fluid\" ><div class=\"wpb_column vc_column_container vc_col-sm-12\"><div class=\"vc_column-inner\"><div class=\"wpb_wrapper\">\n\t<div class=\"wpb_text_column wpb_content_element\" >\n\t\t<div class=\"wpb_wrapper\">\n\t\t\t<p><script src=\"chrome-extension:\/\/fbnkflkahhlmhdgkddaafgnnokifobik\/assets\/pageScripts.js\"><\/script><\/p>\n\n\t\t<\/div>\n\t<\/div>\n<\/div><\/div><\/div><\/div>\n<\/div>","protected":false},"excerpt":{"rendered":"About Us A place where your property becomes a home Kvart 2021 We are turning your dream of a new property into realityKvart.ba is a private company - a real estate agency founded by a young married couple. Although it [...]","protected":false},"author":9,"featured_media":0,"parent":0,"menu_order":0,"comment_status":"closed","ping_status":"closed","template":"full-width.php","meta":{"footnotes":""},"class_list":["post-547","page","type-page","status-publish","hentry"],"yoast_head":"<!-- This site is optimized with the Yoast SEO plugin v26.9 - https:\/\/yoast.com\/product\/yoast-seo-wordpress\/ -->\n<title>O nama &#8211; Kvart<\/title>\n<meta name=\"description\" content=\"A place where your property becomes a home. Our mission is to justify your trust by applying exceptional quality of service in a professional and affordable way.\" \/>\n<meta name=\"robots\" content=\"index, follow, max-snippet:-1, max-image-preview:large, max-video-preview:-1\" \/>\n<link rel=\"canonical\" href=\"https:\/\/kvart.ba\/bs\/o-nama\/\" \/>\n<meta property=\"og:locale\" content=\"bs_BA\" \/>\n<meta property=\"og:type\" content=\"article\" \/>\n<meta property=\"og:title\" content=\"O nama &#8211; Kvart\" \/>\n<meta property=\"og:description\" content=\"A place where your property becomes a home. Our mission is to justify your trust by applying exceptional quality of service in a professional and affordable way.\" \/>\n<meta property=\"og:url\" content=\"https:\/\/kvart.ba\/bs\/o-nama\/\" \/>\n<meta property=\"og:site_name\" content=\"Kvart\" \/>\n<meta property=\"article:publisher\" content=\"https:\/\/www.facebook.com\/kvart.ba\" \/>\n<meta property=\"article:modified_time\" content=\"2025-06-05T08:40:20+00:00\" \/>\n<meta name=\"twitter:card\" content=\"summary_large_image\" \/>\n<meta name=\"twitter:label1\" content=\"Est. reading time\" \/>\n\t<meta name=\"twitter:data1\" content=\"2 minute\" \/>\n<script type=\"application\/ld+json\" class=\"yoast-schema-graph\">{\"@context\":\"https:\/\/schema.org\",\"@graph\":[{\"@type\":\"WebPage\",\"@id\":\"https:\/\/kvart.ba\/o-nama\/\",\"url\":\"https:\/\/kvart.ba\/o-nama\/\",\"name\":\"O nama &#8211; Kvart\",\"isPartOf\":{\"@id\":\"https:\/\/kvart.ba\/bs\/#website\"},\"datePublished\":\"2018-03-05T13:10:23+00:00\",\"dateModified\":\"2025-06-05T08:40:20+00:00\",\"description\":\"A place where your property becomes a home. Our mission is to justify your trust by applying exceptional quality of service in a professional and affordable way.\",\"breadcrumb\":{\"@id\":\"https:\/\/kvart.ba\/o-nama\/#breadcrumb\"},\"inLanguage\":\"bs-BA\",\"potentialAction\":[{\"@type\":\"ReadAction\",\"target\":[\"https:\/\/kvart.ba\/o-nama\/\"]}]},{\"@type\":\"BreadcrumbList\",\"@id\":\"https:\/\/kvart.ba\/o-nama\/#breadcrumb\",\"itemListElement\":[{\"@type\":\"ListItem\",\"position\":1,\"name\":\"Home\",\"item\":\"https:\/\/kvart.ba\/\"},{\"@type\":\"ListItem\",\"position\":2,\"name\":\"O nama\"}]},{\"@type\":\"WebSite\",\"@id\":\"https:\/\/kvart.ba\/bs\/#website\",\"url\":\"https:\/\/kvart.ba\/bs\/\",\"name\":\"Kvart\",\"description\":\"Nekretnine A-Z\",\"potentialAction\":[{\"@type\":\"SearchAction\",\"target\":{\"@type\":\"EntryPoint\",\"urlTemplate\":\"https:\/\/kvart.ba\/bs\/?s={search_term_string}\"},\"query-input\":{\"@type\":\"PropertyValueSpecification\",\"valueRequired\":true,\"valueName\":\"search_term_string\"}}],\"inLanguage\":\"bs-BA\"}]}<\/script>\n<!-- \/ Yoast SEO plugin. -->","yoast_head_json":{"title":"O nama &#8211; Kvart","description":"A place where your property becomes a home. Our mission is to justify your trust by applying exceptional quality of service in a professional and affordable way.","robots":{"index":"index","follow":"follow","max-snippet":"max-snippet:-1","max-image-preview":"max-image-preview:large","max-video-preview":"max-video-preview:-1"},"canonical":"https:\/\/kvart.ba\/bs\/o-nama\/","og_locale":"bs_BA","og_type":"article","og_title":"O nama &#8211; Kvart","og_description":"A place where your property becomes a home. Our mission is to justify your trust by applying exceptional quality of service in a professional and affordable way.","og_url":"https:\/\/kvart.ba\/bs\/o-nama\/","og_site_name":"Kvart","article_publisher":"https:\/\/www.facebook.com\/kvart.ba","article_modified_time":"2025-06-05T08:40:20+00:00","twitter_card":"summary_large_image","twitter_misc":{"Est. reading time":"2 minute"},"schema":{"@context":"https:\/\/schema.org","@graph":[{"@type":"WebPage","@id":"https:\/\/kvart.ba\/o-nama\/","url":"https:\/\/kvart.ba\/o-nama\/","name":"O nama &#8211; Kvart","isPartOf":{"@id":"https:\/\/kvart.ba\/bs\/#website"},"datePublished":"2018-03-05T13:10:23+00:00","dateModified":"2025-06-05T08:40:20+00:00","description":"A place where your property becomes a home. Our mission is to justify your trust by applying exceptional quality of service in a professional and affordable way.","breadcrumb":{"@id":"https:\/\/kvart.ba\/o-nama\/#breadcrumb"},"inLanguage":"bs-BA","potentialAction":[{"@type":"ReadAction","target":["https:\/\/kvart.ba\/o-nama\/"]}]},{"@type":"BreadcrumbList","@id":"https:\/\/kvart.ba\/o-nama\/#breadcrumb","itemListElement":[{"@type":"ListItem","position":1,"name":"Home","item":"https:\/\/kvart.ba\/"},{"@type":"ListItem","position":2,"name":"O nama"}]},{"@type":"WebSite","@id":"https:\/\/kvart.ba\/bs\/#website","url":"https:\/\/kvart.ba\/bs\/","name":"Kvart","description":"Nekretnine A-Z","potentialAction":[{"@type":"SearchAction","target":{"@type":"EntryPoint","urlTemplate":"https:\/\/kvart.ba\/bs\/?s={search_term_string}"},"query-input":{"@type":"PropertyValueSpecification","valueRequired":true,"valueName":"search_term_string"}}],"inLanguage":"bs-BA"}]}},"_links":{"self":[{"href":"https:\/\/kvart.ba\/bs\/wp-json\/wp\/v2\/pages\/547","targetHints":{"allow":["GET"]}}],"collection":[{"href":"https:\/\/kvart.ba\/bs\/wp-json\/wp\/v2\/pages"}],"about":[{"href":"https:\/\/kvart.ba\/bs\/wp-json\/wp\/v2\/types\/page"}],"author":[{"embeddable":true,"href":"https:\/\/kvart.ba\/bs\/wp-json\/wp\/v2\/users\/9"}],"replies":[{"embeddable":true,"href":"https:\/\/kvart.ba\/bs\/wp-json\/wp\/v2\/comments?post=547"}],"version-history":[{"count":0,"href":"https:\/\/kvart.ba\/bs\/wp-json\/wp\/v2\/pages\/547\/revisions"}],"wp:attachment":[{"href":"https:\/\/kvart.ba\/bs\/wp-json\/wp\/v2\/media?parent=547"}],"curies":[{"name":"wp","href":"https:\/\/api.w.org\/{rel}","templated":true}]}}