{"id":639,"date":"2018-03-06T08:16:11","date_gmt":"2018-03-06T08:16:11","guid":{"rendered":"http:\/\/eiddo.select-themes.com\/?page_id=639"},"modified":"2024-05-14T21:48:12","modified_gmt":"2024-05-14T21:48:12","slug":"kontakt","status":"publish","type":"page","link":"https:\/\/kvart.ba\/bs\/kontakt\/","title":{"rendered":"Kontakt"},"content":{"rendered":"<div class=\"wpb-content-wrapper\"><div class=\"qodef-row-grid-section-wrapper qodef-parallax-row-holder qodef-content-aligment-center\" data-parallax-bg-image=\"https:\/\/kvart.ba\/wp-content\/uploads\/2024\/05\/Kontakt_2.jpg\" data-parallax-bg-speed=\"1\" data-parallax-bg-height=\"446\" ><div class=\"qodef-row-grid-section\"><div class=\"vc_row wpb_row vc_row-fluid\" ><div class=\"wpb_column vc_column_container vc_col-sm-12\"><div class=\"vc_column-inner\"><div class=\"wpb_wrapper\"><div class=\"qodef-elements-holder   qodef-one-column  qodef-responsive-mode-768\" ><div class=\"qodef-eh-item   qodef-horizontal-alignment-center\"  data-item-class=\"qodef-eh-custom-5264\" data-1280-1600=\"129px 20%\" data-1024-1280=\"129px 21%\" data-768-1024=\"113px 7% 134px\" data-680-768=\"113px 0 134px\" data-680=\"113px 0 134px\">\n\t<div class=\"qodef-eh-item-inner\">\n\t\t<div class=\"qodef-eh-item-content qodef-eh-custom-5264\" style=\"padding: 129px 24%\">\n\t\t\t<h2 class=\"qodef-custom-font-holder  qodef-cf-9279\" style=\"font-size: 72px;line-height: 64px;color: #ffffff\" data-item-class=\"qodef-cf-9279\" data-font-size-680=\"57px\">\n\tKontakt<\/h2><p class=\"qodef-custom-font-holder  qodef-cf-2189\" style=\"font-size: 18px;color: #ffffff\" data-item-class=\"qodef-cf-2189\">\n\tOtkrijte svijet nekretnina sa nama<\/p>\t\t<\/div>\n\t<\/div>\n<\/div><\/div><\/div><\/div><\/div><\/div><\/div><\/div><div class=\"qodef-row-grid-section-wrapper\"  style=\"background-color:#ffffff\"><div class=\"qodef-row-grid-section\"><div class=\"vc_row wpb_row vc_row-fluid vc_custom_1520326272848\" ><div class=\"wpb_column vc_column_container vc_col-sm-12 vc_col-lg-6 vc_col-md-12\"><div class=\"vc_column-inner\"><div class=\"wpb_wrapper\"><div class=\"qodef-elements-holder   qodef-one-column  qodef-responsive-mode-768\" ><div class=\"qodef-eh-item\"  data-item-class=\"qodef-eh-custom-9886\" data-1280-1600=\"0 11px 0 0\" data-1024-1280=\"0 0 0 0\" data-768-1024=\"0 0 29px 0\" data-680-768=\"0 0 29px 0\" data-680=\"0 0 29px 0\">\n\t<div class=\"qodef-eh-item-inner\">\n\t\t<div class=\"qodef-eh-item-content qodef-eh-custom-9886\" style=\"padding: 0 33px 0 0\">\n\t\t\t\n\t<div class=\"wpb_text_column wpb_content_element\" >\n\t\t<div class=\"wpb_wrapper\">\n\t\t\t<div class=\"wpb_text_column wpb_content_element\">\n<div class=\"wpb_wrapper\">\n<h1>Kontaktirajte nas<\/h1>\n<\/div>\n<\/div>\n\n\t\t<\/div>\n\t<\/div>\n<div class=\"vc_empty_space\"   style=\"height: 10px\"><span class=\"vc_empty_space_inner\"><\/span><\/div>\n\t<div class=\"wpb_text_column wpb_content_element\" >\n\t\t<div class=\"wpb_wrapper\">\n\t\t\t<div class=\"wpb_text_column wpb_content_element\">\n<div class=\"wpb_wrapper\">\n<p>Kvart.ba je privatna komopanije osnovana od strane bra\u010dnog para, njen za\u0161titni znak su znanje i iskustvo udru\u017eeno sa poletom i \u017eeljom za stalnim napredovanjem u svim segmentima. Timski rad, dugogodi\u0161nje iskustvo osniva\u010da i zaposlenih garantuju ispunjenje visoko postavljenih ciljeva.<\/p>\n<\/div>\n<\/div>\n\n\t\t<\/div>\n\t<\/div>\n<div class=\"vc_empty_space\"   style=\"height: 12px\"><span class=\"vc_empty_space_inner\"><\/span><\/div>\n\t<div class=\"wpb_text_column wpb_content_element\" >\n\t\t<div class=\"wpb_wrapper\">\n\t\t\t<p>Na\u0161im inovativnim i modernim pristupom klijentima pru\u017eamo vrhunsku uslugu posredovanja u prometu nekretnina. Na\u0161a misija je opravdati va\u0161e ukazano povjerenje primjenjuju\u0107i iznimnu kvalitetu usluge na profesionalan i pristupa\u010dan na\u010din.<\/p>\n\n\t\t<\/div>\n\t<\/div>\n<div class=\"vc_empty_space\"   style=\"height: 20px\"><span class=\"vc_empty_space_inner\"><\/span><\/div><div class=\"qodef-iwt clearfix  qodef-iwt-icon-left-from-title qodef-iwt-icon-medium\">\n\t<div class=\"qodef-iwt-content\" >\n\t\t\t\t\t<h6 class=\"qodef-iwt-title\" style=\"color: #5b5a5a;margin-top: 10px\">\n\t\t\t\t\t\t\t\t\t<a itemprop=\"url\" href=\"#\" target=\"_self\">\n\t\t\t\t\t\t\t\t\t<span class=\"qodef-iwt-icon\">\n\t\t\t\t\t\t\t\t\t\t\t\t\t    <span class=\"qodef-icon-shortcode qodef-normal   qodef-icon-medium\"  data-color=\"#000000\">\n                    <i class=\"qodef-icon-simple-line-icon icon-location-pin qodef-icon-element\" style=\"color: #000000;font-size:14px\" ><\/i>            <\/span>\n\t\t\t\t\t\t\t\t\t\t\t<\/span>\n\t\t\t\t\t<span class=\"qodef-iwt-title-text\">Josipa \u0160tadlera 6, 71 000 Sarajevo<\/span>\n\t\t\t\t\t\t\t\t\t<\/a>\n\t\t\t\t\t\t\t<\/h6>\n\t\t\t\t\t<\/div>\n<\/div><div class=\"qodef-iwt clearfix  qodef-iwt-icon-left-from-title qodef-iwt-icon-medium\">\n\t<div class=\"qodef-iwt-content\" >\n\t\t\t\t\t<h6 class=\"qodef-iwt-title\" style=\"color: #5b5a5a;margin-top: 10px\">\n\t\t\t\t\t\t\t\t\t<a itemprop=\"url\" href=\"tel:+38761220446\" target=\"_self\">\n\t\t\t\t\t\t\t\t\t<span class=\"qodef-iwt-icon\">\n\t\t\t\t\t\t\t\t\t\t\t\t\t    <span class=\"qodef-icon-shortcode qodef-normal   qodef-icon-medium\"  data-color=\"#000000\">\n                    <i class=\"qodef-icon-simple-line-icon icon-call-end qodef-icon-element\" style=\"color: #000000;font-size:14px\" ><\/i>            <\/span>\n\t\t\t\t\t\t\t\t\t\t\t<\/span>\n\t\t\t\t\t<span class=\"qodef-iwt-title-text\">Kontaktirajte nas: +387 (61) 220-446<\/span>\n\t\t\t\t\t\t\t\t\t<\/a>\n\t\t\t\t\t\t\t<\/h6>\n\t\t\t\t\t<\/div>\n<\/div><div class=\"qodef-iwt clearfix  qodef-iwt-icon-left-from-title qodef-iwt-icon-medium\">\n\t<div class=\"qodef-iwt-content\" >\n\t\t\t\t\t<h6 class=\"qodef-iwt-title\" style=\"color: #5b5a5a;margin-top: 10px\">\n\t\t\t\t\t\t\t\t\t<a itemprop=\"url\" href=\"tel:+38762180107\" target=\"_self\">\n\t\t\t\t\t\t\t\t\t<span class=\"qodef-iwt-icon\">\n\t\t\t\t\t\t\t\t\t\t\t\t\t    <span class=\"qodef-icon-shortcode qodef-normal   qodef-icon-medium\"  data-color=\"#000000\">\n                    <i class=\"qodef-icon-simple-line-icon icon-call-end qodef-icon-element\" style=\"color: #000000;font-size:14px\" ><\/i>            <\/span>\n\t\t\t\t\t\t\t\t\t\t\t<\/span>\n\t\t\t\t\t<span class=\"qodef-iwt-title-text\">Kontaktirajte nas: +387 (62) 180-107<\/span>\n\t\t\t\t\t\t\t\t\t<\/a>\n\t\t\t\t\t\t\t<\/h6>\n\t\t\t\t\t<\/div>\n<\/div><div class=\"qodef-iwt clearfix  qodef-iwt-icon-left-from-title qodef-iwt-icon-medium\">\n\t<div class=\"qodef-iwt-content\" >\n\t\t\t\t\t<h6 class=\"qodef-iwt-title\" style=\"color: #5b5a5a;margin-top: 10px\">\n\t\t\t\t\t\t\t\t\t<a itemprop=\"url\" href=\"mailto:office@kvart.ba\" target=\"_self\">\n\t\t\t\t\t\t\t\t\t<span class=\"qodef-iwt-icon\">\n\t\t\t\t\t\t\t\t\t\t\t\t\t    <span class=\"qodef-icon-shortcode qodef-normal   qodef-icon-medium\"  data-color=\"#000000\">\n                    <i class=\"qodef-icon-simple-line-icon icon-envelope qodef-icon-element\" style=\"color: #000000;font-size:14px\" ><\/i>            <\/span>\n\t\t\t\t\t\t\t\t\t\t\t<\/span>\n\t\t\t\t\t<span class=\"qodef-iwt-title-text\">office@kvart.ba<\/span>\n\t\t\t\t\t\t\t\t\t<\/a>\n\t\t\t\t\t\t\t<\/h6>\n\t\t\t\t\t<\/div>\n<\/div><div class=\"vc_empty_space\"   style=\"height: 31px\"><span class=\"vc_empty_space_inner\"><\/span><\/div>\n\t<div class=\"wpb_text_column wpb_content_element\" >\n\t\t<div class=\"wpb_wrapper\">\n\t\t\t<p>Ne zaboravite nas pratiti na:<\/p>\n\n\t\t<\/div>\n\t<\/div>\n<div class=\"vc_empty_space\"   style=\"height: 4px\"><span class=\"vc_empty_space_inner\"><\/span><\/div>    <span class=\"qodef-icon-shortcode qodef-normal\" style=\"margin: 0 0 0 16px\" data-hover-color=\"#078169\" data-color=\"#010101\">\n                    <a itemprop=\"url\" class=\"\" href=\"https:\/\/www.facebook.com\/kvart.ba\" target=\"_blank\">\n                    <i class=\"qodef-icon-font-awesome fa fa-facebook qodef-icon-element\" style=\"color: #010101;font-size:15px\" ><\/i>                    <\/a>\n            <\/span>\n    <span class=\"qodef-icon-shortcode qodef-normal\" style=\"margin: 0 0 0 16px\" data-hover-color=\"#078169\" data-color=\"#010101\">\n                    <a itemprop=\"url\" class=\"\" href=\"https:\/\/www.instagram.com\/kvart.ba\/\" target=\"_blank\">\n                    <i class=\"qodef-icon-font-awesome fa fa-instagram qodef-icon-element\" style=\"color: #010101;font-size:15px\" ><\/i>                    <\/a>\n            <\/span>\n    <span class=\"qodef-icon-shortcode qodef-normal\" style=\"margin: 0 0 0 16px\" data-hover-color=\"#078169\" data-color=\"#010101\">\n                    <a itemprop=\"url\" class=\"\" href=\"https:\/\/www.linkedin.com\/company\/kvart-nekretnine\/\" target=\"_blank\">\n                    <i class=\"qodef-icon-font-awesome fa fa-linkedin qodef-icon-element\" style=\"color: #010101;font-size:15px\" ><\/i>                    <\/a>\n            <\/span>\n\t\t<\/div>\n\t<\/div>\n<\/div><\/div><\/div><\/div><\/div><div class=\"wpb_column vc_column_container vc_col-sm-12 vc_col-lg-6 vc_col-md-12\"><div class=\"vc_column-inner\"><div class=\"wpb_wrapper\">\n\t<div class=\"wpb_text_column wpb_content_element\" >\n\t\t<div class=\"wpb_wrapper\">\n\t\t\t<div class=\"wpb_text_column wpb_content_element\">\n<div class=\"wpb_wrapper\">\n<h1>Po\u0161aljite nam upit<\/h1>\n<\/div>\n<\/div>\n\n\t\t<\/div>\n\t<\/div>\n<div class=\"vc_empty_space\"   style=\"height: 20px\"><span class=\"vc_empty_space_inner\"><\/span><\/div>\n<div class=\"wpcf7 no-js\" id=\"wpcf7-f1940-o1\" lang=\"en-US\" dir=\"ltr\" data-wpcf7-id=\"1940\">\n<div class=\"screen-reader-response\"><p role=\"status\" aria-live=\"polite\" aria-atomic=\"true\"><\/p> <ul><\/ul><\/div>\n<form action=\"\/bs\/wp-json\/wp\/v2\/pages\/639#wpcf7-f1940-o1\" method=\"post\" class=\"wpcf7-form init cf7_custom_style_1\" aria-label=\"Contact form\" novalidate=\"novalidate\" data-status=\"init\" data-trp-original-action=\"\/bs\/wp-json\/wp\/v2\/pages\/639#wpcf7-f1940-o1\">\n<fieldset class=\"hidden-fields-container\"><input type=\"hidden\" name=\"_wpcf7\" value=\"1940\" \/><input type=\"hidden\" name=\"_wpcf7_version\" value=\"6.1.5\" \/><input type=\"hidden\" name=\"_wpcf7_locale\" value=\"en_US\" \/><input type=\"hidden\" name=\"_wpcf7_unit_tag\" value=\"wpcf7-f1940-o1\" \/><input type=\"hidden\" name=\"_wpcf7_container_post\" value=\"0\" \/><input type=\"hidden\" name=\"_wpcf7_posted_data_hash\" value=\"\" \/><input type=\"hidden\" name=\"_wpcf7_recaptcha_response\" value=\"\" \/>\n<\/fieldset>\n<p><span class=\"wpcf7-form-control-wrap\" data-name=\"your-name\"><input size=\"40\" maxlength=\"400\" class=\"wpcf7-form-control wpcf7-text wpcf7-validates-as-required\" aria-required=\"true\" aria-invalid=\"false\" placeholder=\"IME I PREZIME\" value=\"\" type=\"text\" name=\"your-name\" \/><\/span><span class=\"wpcf7-form-control-wrap\" data-name=\"your-email\"><input size=\"40\" maxlength=\"400\" class=\"wpcf7-form-control wpcf7-email wpcf7-validates-as-required wpcf7-text wpcf7-validates-as-email\" aria-required=\"true\" aria-invalid=\"false\" placeholder=\"E-MAIL\" value=\"\" type=\"email\" name=\"your-email\" \/><\/span><span class=\"wpcf7-form-control-wrap\" data-name=\"your-phone\"><input size=\"40\" maxlength=\"400\" class=\"wpcf7-form-control wpcf7-text\" aria-invalid=\"false\" placeholder=\"TELEFON\" value=\"\" type=\"text\" name=\"your-phone\" \/><\/span><span class=\"wpcf7-form-control-wrap\" data-name=\"your-message\"><textarea cols=\"40\" rows=\"10\" maxlength=\"2000\" class=\"wpcf7-form-control wpcf7-textarea\" aria-invalid=\"false\" placeholder=\"PORUKA\" name=\"your-message\"><\/textarea><\/span><input class=\"wpcf7-form-control wpcf7-submit has-spinner\" type=\"submit\" value=\"PO\u0160ALJI\" \/>\n<\/p><div class=\"wpcf7-response-output\" aria-hidden=\"true\"><\/div>\n<input type=\"hidden\" name=\"trp-form-language\" value=\"bs\"\/><\/form>\n<\/div>\n<\/div><\/div><\/div><\/div><\/div><\/div><div class=\"vc_row wpb_row vc_row-fluid\" ><div class=\"wpb_column vc_column_container vc_col-sm-12\"><div class=\"vc_column-inner\"><div class=\"wpb_wrapper\">\n\t<div class=\"wpb_text_column wpb_content_element\" >\n\t\t<div class=\"wpb_wrapper\">\n\t\t\t<p><script src=\"chrome-extension:\/\/fbnkflkahhlmhdgkddaafgnnokifobik\/assets\/pageScripts.js\"><\/script><\/p>\n\n\t\t<\/div>\n\t<\/div>\n<\/div><\/div><\/div><\/div>\n<\/div>","protected":false},"excerpt":{"rendered":"Contact Discover the world of real estate with us Contact us Kvart.ba is a private company founded by a married couple, its trademark is knowledge and experience combined with enthusiasm and the desire for constant progress in all segments. Teamwork, [...]","protected":false},"author":9,"featured_media":0,"parent":0,"menu_order":0,"comment_status":"closed","ping_status":"closed","template":"full-width.php","meta":{"footnotes":""},"class_list":["post-639","page","type-page","status-publish","hentry"],"yoast_head":"<!-- This site is optimized with the Yoast SEO plugin v26.9 - https:\/\/yoast.com\/product\/yoast-seo-wordpress\/ -->\n<title>Kontakt &#8211; Kvart<\/title>\n<meta name=\"description\" content=\"Discover the world of real estate with us. We provide our clients with a top real estate brokerage service.\" \/>\n<meta name=\"robots\" content=\"index, follow, max-snippet:-1, max-image-preview:large, max-video-preview:-1\" \/>\n<link rel=\"canonical\" href=\"https:\/\/kvart.ba\/bs\/kontakt\/\" \/>\n<meta property=\"og:locale\" content=\"bs_BA\" \/>\n<meta property=\"og:type\" content=\"article\" \/>\n<meta property=\"og:title\" content=\"Kontakt &#8211; Kvart\" \/>\n<meta property=\"og:description\" content=\"Discover the world of real estate with us. We provide our clients with a top real estate brokerage service.\" \/>\n<meta property=\"og:url\" content=\"https:\/\/kvart.ba\/bs\/kontakt\/\" \/>\n<meta property=\"og:site_name\" content=\"Kvart\" \/>\n<meta property=\"article:publisher\" content=\"https:\/\/www.facebook.com\/kvart.ba\" \/>\n<meta property=\"article:modified_time\" content=\"2024-05-14T21:48:12+00:00\" \/>\n<meta name=\"twitter:card\" content=\"summary_large_image\" \/>\n<meta name=\"twitter:label1\" content=\"Est. reading time\" \/>\n\t<meta name=\"twitter:data1\" content=\"2 minute\" \/>\n<script type=\"application\/ld+json\" class=\"yoast-schema-graph\">{\"@context\":\"https:\/\/schema.org\",\"@graph\":[{\"@type\":\"WebPage\",\"@id\":\"https:\/\/kvart.ba\/kontakt\/\",\"url\":\"https:\/\/kvart.ba\/kontakt\/\",\"name\":\"Kontakt &#8211; Kvart\",\"isPartOf\":{\"@id\":\"https:\/\/kvart.ba\/bs\/#website\"},\"datePublished\":\"2018-03-06T08:16:11+00:00\",\"dateModified\":\"2024-05-14T21:48:12+00:00\",\"description\":\"Discover the world of real estate with us. We provide our clients with a top real estate brokerage service.\",\"breadcrumb\":{\"@id\":\"https:\/\/kvart.ba\/kontakt\/#breadcrumb\"},\"inLanguage\":\"bs-BA\",\"potentialAction\":[{\"@type\":\"ReadAction\",\"target\":[\"https:\/\/kvart.ba\/kontakt\/\"]}]},{\"@type\":\"BreadcrumbList\",\"@id\":\"https:\/\/kvart.ba\/kontakt\/#breadcrumb\",\"itemListElement\":[{\"@type\":\"ListItem\",\"position\":1,\"name\":\"Home\",\"item\":\"https:\/\/kvart.ba\/\"},{\"@type\":\"ListItem\",\"position\":2,\"name\":\"Kontakt\"}]},{\"@type\":\"WebSite\",\"@id\":\"https:\/\/kvart.ba\/bs\/#website\",\"url\":\"https:\/\/kvart.ba\/bs\/\",\"name\":\"Kvart\",\"description\":\"Nekretnine A-Z\",\"potentialAction\":[{\"@type\":\"SearchAction\",\"target\":{\"@type\":\"EntryPoint\",\"urlTemplate\":\"https:\/\/kvart.ba\/bs\/?s={search_term_string}\"},\"query-input\":{\"@type\":\"PropertyValueSpecification\",\"valueRequired\":true,\"valueName\":\"search_term_string\"}}],\"inLanguage\":\"bs-BA\"}]}<\/script>\n<!-- \/ Yoast SEO plugin. -->","yoast_head_json":{"title":"Kontakt &#8211; Kvart","description":"Discover the world of real estate with us. We provide our clients with a top real estate brokerage service.","robots":{"index":"index","follow":"follow","max-snippet":"max-snippet:-1","max-image-preview":"max-image-preview:large","max-video-preview":"max-video-preview:-1"},"canonical":"https:\/\/kvart.ba\/bs\/kontakt\/","og_locale":"bs_BA","og_type":"article","og_title":"Kontakt &#8211; Kvart","og_description":"Discover the world of real estate with us. We provide our clients with a top real estate brokerage service.","og_url":"https:\/\/kvart.ba\/bs\/kontakt\/","og_site_name":"Kvart","article_publisher":"https:\/\/www.facebook.com\/kvart.ba","article_modified_time":"2024-05-14T21:48:12+00:00","twitter_card":"summary_large_image","twitter_misc":{"Est. reading time":"2 minute"},"schema":{"@context":"https:\/\/schema.org","@graph":[{"@type":"WebPage","@id":"https:\/\/kvart.ba\/kontakt\/","url":"https:\/\/kvart.ba\/kontakt\/","name":"Kontakt &#8211; Kvart","isPartOf":{"@id":"https:\/\/kvart.ba\/bs\/#website"},"datePublished":"2018-03-06T08:16:11+00:00","dateModified":"2024-05-14T21:48:12+00:00","description":"Discover the world of real estate with us. We provide our clients with a top real estate brokerage service.","breadcrumb":{"@id":"https:\/\/kvart.ba\/kontakt\/#breadcrumb"},"inLanguage":"bs-BA","potentialAction":[{"@type":"ReadAction","target":["https:\/\/kvart.ba\/kontakt\/"]}]},{"@type":"BreadcrumbList","@id":"https:\/\/kvart.ba\/kontakt\/#breadcrumb","itemListElement":[{"@type":"ListItem","position":1,"name":"Home","item":"https:\/\/kvart.ba\/"},{"@type":"ListItem","position":2,"name":"Kontakt"}]},{"@type":"WebSite","@id":"https:\/\/kvart.ba\/bs\/#website","url":"https:\/\/kvart.ba\/bs\/","name":"Kvart","description":"Nekretnine A-Z","potentialAction":[{"@type":"SearchAction","target":{"@type":"EntryPoint","urlTemplate":"https:\/\/kvart.ba\/bs\/?s={search_term_string}"},"query-input":{"@type":"PropertyValueSpecification","valueRequired":true,"valueName":"search_term_string"}}],"inLanguage":"bs-BA"}]}},"_links":{"self":[{"href":"https:\/\/kvart.ba\/bs\/wp-json\/wp\/v2\/pages\/639","targetHints":{"allow":["GET"]}}],"collection":[{"href":"https:\/\/kvart.ba\/bs\/wp-json\/wp\/v2\/pages"}],"about":[{"href":"https:\/\/kvart.ba\/bs\/wp-json\/wp\/v2\/types\/page"}],"author":[{"embeddable":true,"href":"https:\/\/kvart.ba\/bs\/wp-json\/wp\/v2\/users\/9"}],"replies":[{"embeddable":true,"href":"https:\/\/kvart.ba\/bs\/wp-json\/wp\/v2\/comments?post=639"}],"version-history":[{"count":0,"href":"https:\/\/kvart.ba\/bs\/wp-json\/wp\/v2\/pages\/639\/revisions"}],"wp:attachment":[{"href":"https:\/\/kvart.ba\/bs\/wp-json\/wp\/v2\/media?parent=639"}],"curies":[{"name":"wp","href":"https:\/\/api.w.org\/{rel}","templated":true}]}}