{"id":684,"date":"2018-03-06T10:01:20","date_gmt":"2018-03-06T10:01:20","guid":{"rendered":"http:\/\/eiddo.select-themes.com\/?page_id=684"},"modified":"2024-07-12T13:31:20","modified_gmt":"2024-07-12T13:31:20","slug":"usluge","status":"publish","type":"page","link":"https:\/\/kvart.ba\/bs\/usluge\/","title":{"rendered":"Usluge"},"content":{"rendered":"<div class=\"wpb-content-wrapper\"><div class=\"qodef-row-grid-section-wrapper qodef-parallax-row-holder qodef-content-aligment-center\" data-parallax-bg-image=\"https:\/\/kvart.ba\/wp-content\/uploads\/2024\/05\/uslugenova2.jpg\" data-parallax-bg-speed=\"1\" data-parallax-bg-height=\"446\" ><div class=\"qodef-row-grid-section\"><div class=\"vc_row wpb_row vc_row-fluid\" ><div class=\"wpb_column vc_column_container vc_col-sm-12\"><div class=\"vc_column-inner\"><div class=\"wpb_wrapper\"><div class=\"qodef-elements-holder   qodef-one-column  qodef-responsive-mode-768\" ><div class=\"qodef-eh-item   qodef-horizontal-alignment-center\"  data-item-class=\"qodef-eh-custom-8096\" data-1280-1600=\"129px 20%\" data-1024-1280=\"129px 21%\" data-768-1024=\"113px 7% 134px\" data-680-768=\"113px 0 134px\" data-680=\"113px 0 134px\">\n\t<div class=\"qodef-eh-item-inner\">\n\t\t<div class=\"qodef-eh-item-content qodef-eh-custom-8096\" style=\"padding: 129px 24%\">\n\t\t\t<h2 class=\"qodef-custom-font-holder  qodef-cf-7820\" style=\"font-size: 72px;line-height: 64px;color: #ffffff\" data-item-class=\"qodef-cf-7820\" data-font-size-680=\"57px\">\n\tUsluge<\/h2><p class=\"qodef-custom-font-holder  qodef-cf-5593\" style=\"font-size: 18px;color: #ffffff\" data-item-class=\"qodef-cf-5593\">\n\tOsim pru\u017eanja usluge posredovanja pri prodaji, kupnji, najmu ili zamjeni nekretnine, u suradnji sa poslovnim partnerima, na\u0161im klijentima mo\u017eemo ponuditi i sljede\u0107e usluge:<\/p>\t\t<\/div>\n\t<\/div>\n<\/div><\/div><\/div><\/div><\/div><\/div><\/div><\/div><div class=\"vc_row wpb_row vc_row-fluid\" ><div class=\"wpb_column vc_column_container vc_col-sm-12\" id=\"posredovanje\"><div class=\"vc_column-inner vc_custom_1623194867180\"><div class=\"wpb_wrapper\"><div class=\"qodef-flow-item-holder qodef-fi-position-left qodef-fi-skin-dark\">\n    <div class=\"qodef-fi-holder-inner\">\n\t    \t        <div class=\"qodef-fi-image-holder\">\n\t            \t                <div class=\"qodef-fi-number\">\n\t                    1\t                <\/div>\n\t            \t            <div class=\"qodef-fi-image\">\n\t                <img loading=\"lazy\" decoding=\"async\" width=\"330\" height=\"330\" src=\"https:\/\/kvart.ba\/wp-content\/uploads\/2021\/09\/posredovanje.webp\" class=\"attachment-full size-full\" alt=\"\" \/>\t            <\/div>\n\t        <\/div>\n\t            <div class=\"qodef-fi-content-holder\">\n\t                                    <div class=\"qodef-fi-title-holder\">\n                    <h1 class=\"qodef-fi-title\">Posredovanje pri prometu nekretninama<\/h1>\n                <\/div>\n                                        <div class=\"qodef-fi-text-holder\">\n                    <p>Kvart nekretnine je agencija koja pru\u017ea sve neophodne usluge u pogledu posredovanja pri prometu nekretninama. Prodaja i kupnja nekretnine vrlo je kompleksan proces za obje strane, a podrazumijeva poznavanje tr\u017ei\u0161ta i zakonskih odredbi, prikupljanje dokumentacije, planiranje mnogobrojnih aktivnosti te znanje i vje\u0161tine za razumijevanje i pregovaranje s drugom uklju\u010denom stranom. U obavljanju posredni\u010dkog posla na\u0161 tim \u0107e uvijek postupati savjesno i u skladu sa dobrim poslovnim obi\u010dajima, nastoje\u0107i da izgradimo povjerenje i da za\u0161titimo interese na\u0161ih klijenata.<\/p>\n                <\/div>\n                    <\/div>\n\t        <\/div>\n<\/div><\/div><\/div><\/div><\/div><div class=\"vc_row wpb_row vc_row-fluid\" ><div class=\"wpb_column vc_column_container vc_col-sm-12\" id=\"savjetovanje\"><div class=\"vc_column-inner vc_custom_1623194878014\"><div class=\"wpb_wrapper\"><div class=\"qodef-flow-item-holder qodef-fi-position-right qodef-fi-skin-dark\">\n    <div class=\"qodef-fi-holder-inner\">\n\t            <div class=\"qodef-fi-content-holder\">\n\t                                    <div class=\"qodef-fi-title-holder\">\n                    <h1 class=\"qodef-fi-title\">Savjetovanje pri prometu nekretninama<\/h1>\n                <\/div>\n                                        <div class=\"qodef-fi-text-holder\">\n                    <p>Kvart nekretnine nudi stru\u010dnu pomo\u0107 u svim administrativno-tehni\u010dkim obavezama pri prometovanju nekretninama. Svoje klijente pratimo od prezentacije nekretnina, pa sve do trenutka primopredaje novom vlasniku, a najve\u0107i naglasak stavljamo na sigurnost i zadovoljstvo svih strana uklju\u010denih u realizaciju prometovanja. Sura\u0111ujemo sa Advokatskim uredom, \u0161to na\u0161im klijentima garantira pravnu sigurnost, a mi \u0107emo se pobrinuti da Va\u0161 novac kvalitetno i sigurno ulo\u017eite.<\/p>\n                <\/div>\n                    <\/div>\n\t    \t\t    <div class=\"qodef-fi-image-holder\">\n\t\t\t    \t\t\t\t    <div class=\"qodef-fi-number\">\n\t\t\t\t\t    2\t\t\t\t    <\/div>\n\t\t\t    \t\t\t    <div class=\"qodef-fi-image\">\n\t\t\t\t    <img loading=\"lazy\" decoding=\"async\" width=\"330\" height=\"330\" src=\"https:\/\/kvart.ba\/wp-content\/uploads\/2021\/09\/savjetovanjne.webp\" class=\"attachment-full size-full\" alt=\"\" \/>\t\t\t    <\/div>\n\t\t    <\/div>\n\t        <\/div>\n<\/div><\/div><\/div><\/div><\/div><div class=\"vc_row wpb_row vc_row-fluid\" ><div class=\"wpb_column vc_column_container vc_col-sm-12\"><div class=\"vc_column-inner\"><div class=\"wpb_wrapper\">\n\t<div class=\"wpb_text_column wpb_content_element\" >\n\t\t<div class=\"wpb_wrapper\">\n\t\t\t<p><script src=\"chrome-extension:\/\/fbnkflkahhlmhdgkddaafgnnokifobik\/assets\/pageScripts.js\"><\/script><\/p>\n<p><script src=\"chrome-extension:\/\/fbnkflkahhlmhdgkddaafgnnokifobik\/assets\/pageScripts.js\"><\/script><\/p>\n<p><script src=\"chrome-extension:\/\/fbnkflkahhlmhdgkddaafgnnokifobik\/assets\/pageScripts.js\"><\/script><\/p>\n\n\t\t<\/div>\n\t<\/div>\n<\/div><\/div><\/div><\/div>\n<\/div>","protected":false},"excerpt":{"rendered":"Services In addition to providing brokerage services for the sale, purchase, rental or exchange of real estate, in cooperation with business partners, we can offer our clients the following services: 1 Real estate brokerage Kvart nekretnine is an agency that [...]","protected":false},"author":9,"featured_media":0,"parent":0,"menu_order":0,"comment_status":"closed","ping_status":"closed","template":"full-width.php","meta":{"footnotes":""},"class_list":["post-684","page","type-page","status-publish","hentry"],"yoast_head":"<!-- This site is optimized with the Yoast SEO plugin v26.9 - https:\/\/yoast.com\/product\/yoast-seo-wordpress\/ -->\n<title>Usluge &#8211; Kvart<\/title>\n<meta name=\"description\" content=\"In addition to providing brokerage services for the sale, purchase, rental or exchange of real estate, in cooperation with business partners, we can offer our clients the following services\" \/>\n<meta name=\"robots\" content=\"index, follow, max-snippet:-1, max-image-preview:large, max-video-preview:-1\" \/>\n<link rel=\"canonical\" href=\"https:\/\/kvart.ba\/bs\/usluge\/\" \/>\n<meta property=\"og:locale\" content=\"bs_BA\" \/>\n<meta property=\"og:type\" content=\"article\" \/>\n<meta property=\"og:title\" content=\"Usluge &#8211; Kvart\" \/>\n<meta property=\"og:description\" content=\"In addition to providing brokerage services for the sale, purchase, rental or exchange of real estate, in cooperation with business partners, we can offer our clients the following services\" \/>\n<meta property=\"og:url\" content=\"https:\/\/kvart.ba\/bs\/usluge\/\" \/>\n<meta property=\"og:site_name\" content=\"Kvart\" \/>\n<meta property=\"article:publisher\" content=\"https:\/\/www.facebook.com\/kvart.ba\" \/>\n<meta property=\"article:modified_time\" content=\"2024-07-12T13:31:20+00:00\" \/>\n<meta name=\"twitter:card\" content=\"summary_large_image\" \/>\n<meta name=\"twitter:label1\" content=\"Est. reading time\" \/>\n\t<meta name=\"twitter:data1\" content=\"4 minute\" \/>\n<script type=\"application\/ld+json\" class=\"yoast-schema-graph\">{\"@context\":\"https:\/\/schema.org\",\"@graph\":[{\"@type\":\"WebPage\",\"@id\":\"https:\/\/kvart.ba\/usluge\/\",\"url\":\"https:\/\/kvart.ba\/usluge\/\",\"name\":\"Usluge &#8211; Kvart\",\"isPartOf\":{\"@id\":\"https:\/\/kvart.ba\/bs\/#website\"},\"datePublished\":\"2018-03-06T10:01:20+00:00\",\"dateModified\":\"2024-07-12T13:31:20+00:00\",\"description\":\"In addition to providing brokerage services for the sale, purchase, rental or exchange of real estate, in cooperation with business partners, we can offer our clients the following services\",\"breadcrumb\":{\"@id\":\"https:\/\/kvart.ba\/usluge\/#breadcrumb\"},\"inLanguage\":\"bs-BA\",\"potentialAction\":[{\"@type\":\"ReadAction\",\"target\":[\"https:\/\/kvart.ba\/usluge\/\"]}]},{\"@type\":\"BreadcrumbList\",\"@id\":\"https:\/\/kvart.ba\/usluge\/#breadcrumb\",\"itemListElement\":[{\"@type\":\"ListItem\",\"position\":1,\"name\":\"Home\",\"item\":\"https:\/\/kvart.ba\/\"},{\"@type\":\"ListItem\",\"position\":2,\"name\":\"Usluge\"}]},{\"@type\":\"WebSite\",\"@id\":\"https:\/\/kvart.ba\/bs\/#website\",\"url\":\"https:\/\/kvart.ba\/bs\/\",\"name\":\"Kvart\",\"description\":\"Nekretnine A-Z\",\"potentialAction\":[{\"@type\":\"SearchAction\",\"target\":{\"@type\":\"EntryPoint\",\"urlTemplate\":\"https:\/\/kvart.ba\/bs\/?s={search_term_string}\"},\"query-input\":{\"@type\":\"PropertyValueSpecification\",\"valueRequired\":true,\"valueName\":\"search_term_string\"}}],\"inLanguage\":\"bs-BA\"}]}<\/script>\n<!-- \/ Yoast SEO plugin. -->","yoast_head_json":{"title":"Usluge &#8211; Kvart","description":"In addition to providing brokerage services for the sale, purchase, rental or exchange of real estate, in cooperation with business partners, we can offer our clients the following services","robots":{"index":"index","follow":"follow","max-snippet":"max-snippet:-1","max-image-preview":"max-image-preview:large","max-video-preview":"max-video-preview:-1"},"canonical":"https:\/\/kvart.ba\/bs\/usluge\/","og_locale":"bs_BA","og_type":"article","og_title":"Usluge &#8211; Kvart","og_description":"In addition to providing brokerage services for the sale, purchase, rental or exchange of real estate, in cooperation with business partners, we can offer our clients the following services","og_url":"https:\/\/kvart.ba\/bs\/usluge\/","og_site_name":"Kvart","article_publisher":"https:\/\/www.facebook.com\/kvart.ba","article_modified_time":"2024-07-12T13:31:20+00:00","twitter_card":"summary_large_image","twitter_misc":{"Est. reading time":"4 minute"},"schema":{"@context":"https:\/\/schema.org","@graph":[{"@type":"WebPage","@id":"https:\/\/kvart.ba\/usluge\/","url":"https:\/\/kvart.ba\/usluge\/","name":"Usluge &#8211; Kvart","isPartOf":{"@id":"https:\/\/kvart.ba\/bs\/#website"},"datePublished":"2018-03-06T10:01:20+00:00","dateModified":"2024-07-12T13:31:20+00:00","description":"In addition to providing brokerage services for the sale, purchase, rental or exchange of real estate, in cooperation with business partners, we can offer our clients the following services","breadcrumb":{"@id":"https:\/\/kvart.ba\/usluge\/#breadcrumb"},"inLanguage":"bs-BA","potentialAction":[{"@type":"ReadAction","target":["https:\/\/kvart.ba\/usluge\/"]}]},{"@type":"BreadcrumbList","@id":"https:\/\/kvart.ba\/usluge\/#breadcrumb","itemListElement":[{"@type":"ListItem","position":1,"name":"Home","item":"https:\/\/kvart.ba\/"},{"@type":"ListItem","position":2,"name":"Usluge"}]},{"@type":"WebSite","@id":"https:\/\/kvart.ba\/bs\/#website","url":"https:\/\/kvart.ba\/bs\/","name":"Kvart","description":"Nekretnine A-Z","potentialAction":[{"@type":"SearchAction","target":{"@type":"EntryPoint","urlTemplate":"https:\/\/kvart.ba\/bs\/?s={search_term_string}"},"query-input":{"@type":"PropertyValueSpecification","valueRequired":true,"valueName":"search_term_string"}}],"inLanguage":"bs-BA"}]}},"_links":{"self":[{"href":"https:\/\/kvart.ba\/bs\/wp-json\/wp\/v2\/pages\/684","targetHints":{"allow":["GET"]}}],"collection":[{"href":"https:\/\/kvart.ba\/bs\/wp-json\/wp\/v2\/pages"}],"about":[{"href":"https:\/\/kvart.ba\/bs\/wp-json\/wp\/v2\/types\/page"}],"author":[{"embeddable":true,"href":"https:\/\/kvart.ba\/bs\/wp-json\/wp\/v2\/users\/9"}],"replies":[{"embeddable":true,"href":"https:\/\/kvart.ba\/bs\/wp-json\/wp\/v2\/comments?post=684"}],"version-history":[{"count":0,"href":"https:\/\/kvart.ba\/bs\/wp-json\/wp\/v2\/pages\/684\/revisions"}],"wp:attachment":[{"href":"https:\/\/kvart.ba\/bs\/wp-json\/wp\/v2\/media?parent=684"}],"curies":[{"name":"wp","href":"https:\/\/api.w.org\/{rel}","templated":true}]}}